{"id":90,"date":"2020-11-26T17:17:45","date_gmt":"2020-11-26T16:17:45","guid":{"rendered":"https:\/\/shop.mariannelopez.com\/?page_id=90"},"modified":"2020-11-26T17:45:07","modified_gmt":"2020-11-26T16:45:07","slug":"contact","status":"publish","type":"page","link":"https:\/\/shop.mariannelopez.com\/index.php\/contact\/","title":{"rendered":"Contactez-Moi !"},"content":{"rendered":"\n<p>N&rsquo;h\u00e9sitez pas \u00e0 m&rsquo;\u00e9crire ici : <a href=\"mailto:allo@mariannelopez.com\">allo@mariannelopez.com<\/a><br>pour toutes questions, je r\u00e9ponds assez rapidement !<br>Bonne visite !<\/p>\n\n\n\n<p><\/p>\n","protected":false},"excerpt":{"rendered":"<p>N&rsquo;h\u00e9sitez pas \u00e0 m&rsquo;\u00e9crire ici : allo@mariannelopez.compour toutes questions, je r\u00e9ponds assez rapidement !Bonne visite !<\/p>\n","protected":false},"author":1,"featured_media":0,"parent":0,"menu_order":0,"comment_status":"closed","ping_status":"closed","template":"","meta":[],"_links":{"self":[{"href":"https:\/\/shop.mariannelopez.com\/index.php\/wp-json\/wp\/v2\/pages\/90"}],"collection":[{"href":"https:\/\/shop.mariannelopez.com\/index.php\/wp-json\/wp\/v2\/pages"}],"about":[{"href":"https:\/\/shop.mariannelopez.com\/index.php\/wp-json\/wp\/v2\/types\/page"}],"author":[{"embeddable":true,"href":"https:\/\/shop.mariannelopez.com\/index.php\/wp-json\/wp\/v2\/users\/1"}],"replies":[{"embeddable":true,"href":"https:\/\/shop.mariannelopez.com\/index.php\/wp-json\/wp\/v2\/comments?post=90"}],"version-history":[{"count":7,"href":"https:\/\/shop.mariannelopez.com\/index.php\/wp-json\/wp\/v2\/pages\/90\/revisions"}],"predecessor-version":[{"id":106,"href":"https:\/\/shop.mariannelopez.com\/index.php\/wp-json\/wp\/v2\/pages\/90\/revisions\/106"}],"wp:attachment":[{"href":"https:\/\/shop.mariannelopez.com\/index.php\/wp-json\/wp\/v2\/media?parent=90"}],"curies":[{"name":"wp","href":"https:\/\/api.w.org\/{rel}","templated":true}]}}