{"id":112,"date":"2020-11-27T16:05:20","date_gmt":"2020-11-27T15:05:20","guid":{"rendered":"https:\/\/shop.mariannelopez.com\/?post_type=product&#038;p=112"},"modified":"2020-11-30T18:59:13","modified_gmt":"2020-11-30T17:59:13","slug":"isuledda-4-10","status":"publish","type":"product","link":"https:\/\/shop.mariannelopez.com\/index.php\/produit\/isuledda-4-10\/","title":{"rendered":"Isuledda 4\/10"},"content":{"rendered":"<p>S\u00e9rigraphie sur papier 250g<br \/>\nS\u00e9rie num\u00e9rot\u00e9e (10)<br \/>\n4 couleurs<br \/>\n30 x 40 cm<\/p>\n<p>Fait main<br \/>\nExemplaire unique<\/p>\n","protected":false},"excerpt":{"rendered":"<p>S\u00e9rigraphie sur papier 250g S\u00e9rie num\u00e9rot\u00e9e (10) 4 couleurs 30 x 40 cm Fait main Exemplaire unique<\/p>\n","protected":false},"featured_media":115,"template":"","meta":[],"product_cat":[26,20],"product_tag":[23],"_links":{"self":[{"href":"https:\/\/shop.mariannelopez.com\/index.php\/wp-json\/wp\/v2\/product\/112"}],"collection":[{"href":"https:\/\/shop.mariannelopez.com\/index.php\/wp-json\/wp\/v2\/product"}],"about":[{"href":"https:\/\/shop.mariannelopez.com\/index.php\/wp-json\/wp\/v2\/types\/product"}],"wp:featuredmedia":[{"embeddable":true,"href":"https:\/\/shop.mariannelopez.com\/index.php\/wp-json\/wp\/v2\/media\/115"}],"wp:attachment":[{"href":"https:\/\/shop.mariannelopez.com\/index.php\/wp-json\/wp\/v2\/media?parent=112"}],"wp:term":[{"taxonomy":"product_cat","embeddable":true,"href":"https:\/\/shop.mariannelopez.com\/index.php\/wp-json\/wp\/v2\/product_cat?post=112"},{"taxonomy":"product_tag","embeddable":true,"href":"https:\/\/shop.mariannelopez.com\/index.php\/wp-json\/wp\/v2\/product_tag?post=112"}],"curies":[{"name":"wp","href":"https:\/\/api.w.org\/{rel}","templated":true}]}}