{"id":165,"date":"2020-11-30T21:12:30","date_gmt":"2020-11-30T20:12:30","guid":{"rendered":"https:\/\/shop.mariannelopez.com\/?post_type=product&#038;p=165"},"modified":"2020-11-30T21:23:58","modified_gmt":"2020-11-30T20:23:58","slug":"metro-barbes-2-10","status":"publish","type":"product","link":"https:\/\/shop.mariannelopez.com\/index.php\/produit\/metro-barbes-2-10\/","title":{"rendered":"M\u00e9tro Barb\u00e8s 2\/10"},"content":{"rendered":"<p>S\u00e9rigraphie sur papier<br \/>\nS\u00e9rie num\u00e9rot\u00e9e (10)<br \/>\n4 couleurs<br \/>\n30 x 40 cm<\/p>\n<p>Fait main<br \/>\nExemplaire unique<\/p>\n","protected":false},"excerpt":{"rendered":"<p>S\u00e9rigraphie sur papier S\u00e9rie num\u00e9rot\u00e9e (10) 4 couleurs 30 x 40 cm Fait main Exemplaire unique<\/p>\n","protected":false},"featured_media":169,"template":"","meta":[],"product_cat":[28,20],"product_tag":[],"_links":{"self":[{"href":"https:\/\/shop.mariannelopez.com\/index.php\/wp-json\/wp\/v2\/product\/165"}],"collection":[{"href":"https:\/\/shop.mariannelopez.com\/index.php\/wp-json\/wp\/v2\/product"}],"about":[{"href":"https:\/\/shop.mariannelopez.com\/index.php\/wp-json\/wp\/v2\/types\/product"}],"wp:featuredmedia":[{"embeddable":true,"href":"https:\/\/shop.mariannelopez.com\/index.php\/wp-json\/wp\/v2\/media\/169"}],"wp:attachment":[{"href":"https:\/\/shop.mariannelopez.com\/index.php\/wp-json\/wp\/v2\/media?parent=165"}],"wp:term":[{"taxonomy":"product_cat","embeddable":true,"href":"https:\/\/shop.mariannelopez.com\/index.php\/wp-json\/wp\/v2\/product_cat?post=165"},{"taxonomy":"product_tag","embeddable":true,"href":"https:\/\/shop.mariannelopez.com\/index.php\/wp-json\/wp\/v2\/product_tag?post=165"}],"curies":[{"name":"wp","href":"https:\/\/api.w.org\/{rel}","templated":true}]}}