{"id":190,"date":"2020-11-30T21:26:59","date_gmt":"2020-11-30T20:26:59","guid":{"rendered":"https:\/\/shop.mariannelopez.com\/?post_type=product&#038;p=190"},"modified":"2020-11-30T21:28:54","modified_gmt":"2020-11-30T20:28:54","slug":"metro-barbes-rose","status":"publish","type":"product","link":"https:\/\/shop.mariannelopez.com\/index.php\/produit\/metro-barbes-rose\/","title":{"rendered":"M\u00e9tro Barb\u00e8s Rose"},"content":{"rendered":"<p>S\u00e9rigraphie sur papier<br \/>\n2 couleurs<br \/>\n30 x 40 cm<\/p>\n<p>Fait main<br \/>\nExemplaire unique<\/p>\n","protected":false},"excerpt":{"rendered":"<p>S\u00e9rigraphie sur papier 2 couleurs 30 x 40 cm Fait main Exemplaire unique<\/p>\n","protected":false},"featured_media":193,"template":"","meta":[],"product_cat":[28,20],"product_tag":[],"_links":{"self":[{"href":"https:\/\/shop.mariannelopez.com\/index.php\/wp-json\/wp\/v2\/product\/190"}],"collection":[{"href":"https:\/\/shop.mariannelopez.com\/index.php\/wp-json\/wp\/v2\/product"}],"about":[{"href":"https:\/\/shop.mariannelopez.com\/index.php\/wp-json\/wp\/v2\/types\/product"}],"wp:featuredmedia":[{"embeddable":true,"href":"https:\/\/shop.mariannelopez.com\/index.php\/wp-json\/wp\/v2\/media\/193"}],"wp:attachment":[{"href":"https:\/\/shop.mariannelopez.com\/index.php\/wp-json\/wp\/v2\/media?parent=190"}],"wp:term":[{"taxonomy":"product_cat","embeddable":true,"href":"https:\/\/shop.mariannelopez.com\/index.php\/wp-json\/wp\/v2\/product_cat?post=190"},{"taxonomy":"product_tag","embeddable":true,"href":"https:\/\/shop.mariannelopez.com\/index.php\/wp-json\/wp\/v2\/product_tag?post=190"}],"curies":[{"name":"wp","href":"https:\/\/api.w.org\/{rel}","templated":true}]}}