{"id":207,"date":"2020-11-30T21:55:19","date_gmt":"2020-11-30T20:55:19","guid":{"rendered":"https:\/\/shop.mariannelopez.com\/?post_type=product&#038;p=207"},"modified":"2020-12-02T14:31:26","modified_gmt":"2020-12-02T13:31:26","slug":"mile-end-6-10","status":"publish","type":"product","link":"https:\/\/shop.mariannelopez.com\/index.php\/produit\/mile-end-6-10\/","title":{"rendered":"Mile End 6\/10"},"content":{"rendered":"<p>S\u00e9rigraphie sur papier<br \/>\nS\u00e9rie num\u00e9rot\u00e9e (10)<br \/>\n4 couleurs<br \/>\n30 x 40 cm<\/p>\n<p>Fait main<br \/>\nExemplaire unique<\/p>\n","protected":false},"excerpt":{"rendered":"<p>S\u00e9rigraphie sur papier S\u00e9rie num\u00e9rot\u00e9e (10) 4 couleurs 30 x 40 cm Fait main Exemplaire unique<\/p>\n","protected":false},"featured_media":318,"template":"","meta":[],"product_cat":[29,20],"product_tag":[],"_links":{"self":[{"href":"https:\/\/shop.mariannelopez.com\/index.php\/wp-json\/wp\/v2\/product\/207"}],"collection":[{"href":"https:\/\/shop.mariannelopez.com\/index.php\/wp-json\/wp\/v2\/product"}],"about":[{"href":"https:\/\/shop.mariannelopez.com\/index.php\/wp-json\/wp\/v2\/types\/product"}],"wp:featuredmedia":[{"embeddable":true,"href":"https:\/\/shop.mariannelopez.com\/index.php\/wp-json\/wp\/v2\/media\/318"}],"wp:attachment":[{"href":"https:\/\/shop.mariannelopez.com\/index.php\/wp-json\/wp\/v2\/media?parent=207"}],"wp:term":[{"taxonomy":"product_cat","embeddable":true,"href":"https:\/\/shop.mariannelopez.com\/index.php\/wp-json\/wp\/v2\/product_cat?post=207"},{"taxonomy":"product_tag","embeddable":true,"href":"https:\/\/shop.mariannelopez.com\/index.php\/wp-json\/wp\/v2\/product_tag?post=207"}],"curies":[{"name":"wp","href":"https:\/\/api.w.org\/{rel}","templated":true}]}}