{"id":215,"date":"2020-11-30T22:22:51","date_gmt":"2020-11-30T21:22:51","guid":{"rendered":"https:\/\/shop.mariannelopez.com\/?post_type=product&#038;p=215"},"modified":"2020-11-30T22:24:11","modified_gmt":"2020-11-30T21:24:11","slug":"olympiades-3-15","status":"publish","type":"product","link":"https:\/\/shop.mariannelopez.com\/index.php\/produit\/olympiades-3-15\/","title":{"rendered":"Olympiades 3\/15"},"content":{"rendered":"<p>S\u00e9rigraphie sur papier<br \/>\nS\u00e9rie num\u00e9rot\u00e9e (15)<br \/>\n4 couleurs<br \/>\n30 x 40 cm<\/p>\n<p>Fait main<br \/>\nExemplaire unique<\/p>\n","protected":false},"excerpt":{"rendered":"<p>S\u00e9rigraphie sur papier S\u00e9rie num\u00e9rot\u00e9e (15) 4 couleurs 30 x 40 cm Fait main Exemplaire unique<\/p>\n","protected":false},"featured_media":211,"template":"","meta":[],"product_cat":[30,20],"product_tag":[],"_links":{"self":[{"href":"https:\/\/shop.mariannelopez.com\/index.php\/wp-json\/wp\/v2\/product\/215"}],"collection":[{"href":"https:\/\/shop.mariannelopez.com\/index.php\/wp-json\/wp\/v2\/product"}],"about":[{"href":"https:\/\/shop.mariannelopez.com\/index.php\/wp-json\/wp\/v2\/types\/product"}],"wp:featuredmedia":[{"embeddable":true,"href":"https:\/\/shop.mariannelopez.com\/index.php\/wp-json\/wp\/v2\/media\/211"}],"wp:attachment":[{"href":"https:\/\/shop.mariannelopez.com\/index.php\/wp-json\/wp\/v2\/media?parent=215"}],"wp:term":[{"taxonomy":"product_cat","embeddable":true,"href":"https:\/\/shop.mariannelopez.com\/index.php\/wp-json\/wp\/v2\/product_cat?post=215"},{"taxonomy":"product_tag","embeddable":true,"href":"https:\/\/shop.mariannelopez.com\/index.php\/wp-json\/wp\/v2\/product_tag?post=215"}],"curies":[{"name":"wp","href":"https:\/\/api.w.org\/{rel}","templated":true}]}}