{"id":312,"date":"2020-12-02T14:26:51","date_gmt":"2020-12-02T13:26:51","guid":{"rendered":"https:\/\/shop.mariannelopez.com\/?post_type=product&#038;p=312"},"modified":"2020-12-02T14:28:38","modified_gmt":"2020-12-02T13:28:38","slug":"embankment-4-8","status":"publish","type":"product","link":"https:\/\/shop.mariannelopez.com\/index.php\/produit\/embankment-4-8\/","title":{"rendered":"Embankment 4\/8"},"content":{"rendered":"<p>S\u00e9rigraphie sur papier 250g<br \/>\nS\u00e9rie num\u00e9rot\u00e9e (8)<br \/>\n4 couleurs<br \/>\n30 x 40 cm<\/p>\n<p>Fait main<br \/>\nExemplaire unique<\/p>\n","protected":false},"excerpt":{"rendered":"<p>S\u00e9rigraphie sur papier 250g S\u00e9rie num\u00e9rot\u00e9e (8) 4 couleurs 30 x 40 cm Fait main Exemplaire unique<\/p>\n","protected":false},"featured_media":315,"template":"","meta":[],"product_cat":[33,20],"product_tag":[],"_links":{"self":[{"href":"https:\/\/shop.mariannelopez.com\/index.php\/wp-json\/wp\/v2\/product\/312"}],"collection":[{"href":"https:\/\/shop.mariannelopez.com\/index.php\/wp-json\/wp\/v2\/product"}],"about":[{"href":"https:\/\/shop.mariannelopez.com\/index.php\/wp-json\/wp\/v2\/types\/product"}],"wp:featuredmedia":[{"embeddable":true,"href":"https:\/\/shop.mariannelopez.com\/index.php\/wp-json\/wp\/v2\/media\/315"}],"wp:attachment":[{"href":"https:\/\/shop.mariannelopez.com\/index.php\/wp-json\/wp\/v2\/media?parent=312"}],"wp:term":[{"taxonomy":"product_cat","embeddable":true,"href":"https:\/\/shop.mariannelopez.com\/index.php\/wp-json\/wp\/v2\/product_cat?post=312"},{"taxonomy":"product_tag","embeddable":true,"href":"https:\/\/shop.mariannelopez.com\/index.php\/wp-json\/wp\/v2\/product_tag?post=312"}],"curies":[{"name":"wp","href":"https:\/\/api.w.org\/{rel}","templated":true}]}}