{"id":377,"date":"2020-12-03T15:57:34","date_gmt":"2020-12-03T14:57:34","guid":{"rendered":"https:\/\/shop.mariannelopez.com\/?post_type=product&#038;p=377"},"modified":"2020-12-03T16:01:54","modified_gmt":"2020-12-03T15:01:54","slug":"atlas-4_8","status":"publish","type":"product","link":"https:\/\/shop.mariannelopez.com\/index.php\/produit\/atlas-4_8\/","title":{"rendered":"Atlas 4_8"},"content":{"rendered":"<p>S\u00e9rigraphie sur papier 250g<br \/>\nS\u00e9rie num\u00e9rot\u00e9e (8)<br \/>\n2 couleurs<br \/>\n30 x 40 cm<\/p>\n<p>Fait main<br \/>\nExemplaire unique<\/p>\n","protected":false},"excerpt":{"rendered":"<p>S\u00e9rigraphie sur papier 250g S\u00e9rie num\u00e9rot\u00e9e (8) 2 couleurs 30 x 40 cm Fait main Exemplaire unique<\/p>\n","protected":false},"featured_media":371,"template":"","meta":[],"product_cat":[36,20],"product_tag":[],"_links":{"self":[{"href":"https:\/\/shop.mariannelopez.com\/index.php\/wp-json\/wp\/v2\/product\/377"}],"collection":[{"href":"https:\/\/shop.mariannelopez.com\/index.php\/wp-json\/wp\/v2\/product"}],"about":[{"href":"https:\/\/shop.mariannelopez.com\/index.php\/wp-json\/wp\/v2\/types\/product"}],"wp:featuredmedia":[{"embeddable":true,"href":"https:\/\/shop.mariannelopez.com\/index.php\/wp-json\/wp\/v2\/media\/371"}],"wp:attachment":[{"href":"https:\/\/shop.mariannelopez.com\/index.php\/wp-json\/wp\/v2\/media?parent=377"}],"wp:term":[{"taxonomy":"product_cat","embeddable":true,"href":"https:\/\/shop.mariannelopez.com\/index.php\/wp-json\/wp\/v2\/product_cat?post=377"},{"taxonomy":"product_tag","embeddable":true,"href":"https:\/\/shop.mariannelopez.com\/index.php\/wp-json\/wp\/v2\/product_tag?post=377"}],"curies":[{"name":"wp","href":"https:\/\/api.w.org\/{rel}","templated":true}]}}