{"id":406,"date":"2020-12-03T16:49:41","date_gmt":"2020-12-03T15:49:41","guid":{"rendered":"https:\/\/shop.mariannelopez.com\/?post_type=product&#038;p=406"},"modified":"2020-12-03T16:50:47","modified_gmt":"2020-12-03T15:50:47","slug":"beaubourg-5-12","status":"publish","type":"product","link":"https:\/\/shop.mariannelopez.com\/index.php\/produit\/beaubourg-5-12\/","title":{"rendered":"Beaubourg 5\/12"},"content":{"rendered":"<p>S\u00e9rigraphie sur papier 125g<br \/>\nS\u00e9rie num\u00e9rot\u00e9e (12)<br \/>\n3 couleurs<br \/>\n30 x 40 cm<\/p>\n<p>Fait main<br \/>\nExemplaire unique<\/p>\n","protected":false},"excerpt":{"rendered":"<p>S\u00e9rigraphie sur papier 125g S\u00e9rie num\u00e9rot\u00e9e (12) 3 couleurs 30 x 40 cm Fait main Exemplaire unique<\/p>\n","protected":false},"featured_media":409,"template":"","meta":[],"product_cat":[37,20],"product_tag":[],"_links":{"self":[{"href":"https:\/\/shop.mariannelopez.com\/index.php\/wp-json\/wp\/v2\/product\/406"}],"collection":[{"href":"https:\/\/shop.mariannelopez.com\/index.php\/wp-json\/wp\/v2\/product"}],"about":[{"href":"https:\/\/shop.mariannelopez.com\/index.php\/wp-json\/wp\/v2\/types\/product"}],"wp:featuredmedia":[{"embeddable":true,"href":"https:\/\/shop.mariannelopez.com\/index.php\/wp-json\/wp\/v2\/media\/409"}],"wp:attachment":[{"href":"https:\/\/shop.mariannelopez.com\/index.php\/wp-json\/wp\/v2\/media?parent=406"}],"wp:term":[{"taxonomy":"product_cat","embeddable":true,"href":"https:\/\/shop.mariannelopez.com\/index.php\/wp-json\/wp\/v2\/product_cat?post=406"},{"taxonomy":"product_tag","embeddable":true,"href":"https:\/\/shop.mariannelopez.com\/index.php\/wp-json\/wp\/v2\/product_tag?post=406"}],"curies":[{"name":"wp","href":"https:\/\/api.w.org\/{rel}","templated":true}]}}