{"id":434,"date":"2020-12-03T17:27:07","date_gmt":"2020-12-03T16:27:07","guid":{"rendered":"https:\/\/shop.mariannelopez.com\/?post_type=product&#038;p=434"},"modified":"2020-12-03T17:27:47","modified_gmt":"2020-12-03T16:27:47","slug":"la-comtesse-4-5","status":"publish","type":"product","link":"https:\/\/shop.mariannelopez.com\/index.php\/produit\/la-comtesse-4-5\/","title":{"rendered":"La Comtesse 4\/5"},"content":{"rendered":"<p>S\u00e9rigraphie sur papier 250g<br \/>\nS\u00e9rie num\u00e9rot\u00e9e (5)<br \/>\n4 couleurs<br \/>\n30 x 40 cm<\/p>\n<p>Fait main<br \/>\nExemplaire unique<\/p>\n","protected":false},"excerpt":{"rendered":"<p>S\u00e9rigraphie sur papier 250g S\u00e9rie num\u00e9rot\u00e9e (5) 4 couleurs 30 x 40 cm Fait main Exemplaire unique<\/p>\n","protected":false},"featured_media":437,"template":"","meta":[],"product_cat":[38,20],"product_tag":[],"_links":{"self":[{"href":"https:\/\/shop.mariannelopez.com\/index.php\/wp-json\/wp\/v2\/product\/434"}],"collection":[{"href":"https:\/\/shop.mariannelopez.com\/index.php\/wp-json\/wp\/v2\/product"}],"about":[{"href":"https:\/\/shop.mariannelopez.com\/index.php\/wp-json\/wp\/v2\/types\/product"}],"wp:featuredmedia":[{"embeddable":true,"href":"https:\/\/shop.mariannelopez.com\/index.php\/wp-json\/wp\/v2\/media\/437"}],"wp:attachment":[{"href":"https:\/\/shop.mariannelopez.com\/index.php\/wp-json\/wp\/v2\/media?parent=434"}],"wp:term":[{"taxonomy":"product_cat","embeddable":true,"href":"https:\/\/shop.mariannelopez.com\/index.php\/wp-json\/wp\/v2\/product_cat?post=434"},{"taxonomy":"product_tag","embeddable":true,"href":"https:\/\/shop.mariannelopez.com\/index.php\/wp-json\/wp\/v2\/product_tag?post=434"}],"curies":[{"name":"wp","href":"https:\/\/api.w.org\/{rel}","templated":true}]}}