{"id":535,"date":"2020-12-04T10:50:45","date_gmt":"2020-12-04T09:50:45","guid":{"rendered":"https:\/\/shop.mariannelopez.com\/?post_type=product&#038;p=535"},"modified":"2020-12-04T10:56:06","modified_gmt":"2020-12-04T09:56:06","slug":"pyramide-2-6","status":"publish","type":"product","link":"https:\/\/shop.mariannelopez.com\/index.php\/produit\/pyramide-2-6\/","title":{"rendered":"Pyramide 2\/6"},"content":{"rendered":"<p>S\u00e9rigraphie sur papier 125g<br \/>\nS\u00e9rie num\u00e9rot\u00e9e (6)<br \/>\n2 couleurs<br \/>\n32 x 45 cm<\/p>\n<p>Fait main<br \/>\nExemplaire unique<\/p>\n","protected":false},"excerpt":{"rendered":"<p>S\u00e9rigraphie sur papier 125g S\u00e9rie num\u00e9rot\u00e9e (6) 2 couleurs 32 x 45 cm Fait main Exemplaire unique<\/p>\n","protected":false},"featured_media":540,"template":"","meta":[],"product_cat":[42,20],"product_tag":[],"_links":{"self":[{"href":"https:\/\/shop.mariannelopez.com\/index.php\/wp-json\/wp\/v2\/product\/535"}],"collection":[{"href":"https:\/\/shop.mariannelopez.com\/index.php\/wp-json\/wp\/v2\/product"}],"about":[{"href":"https:\/\/shop.mariannelopez.com\/index.php\/wp-json\/wp\/v2\/types\/product"}],"wp:featuredmedia":[{"embeddable":true,"href":"https:\/\/shop.mariannelopez.com\/index.php\/wp-json\/wp\/v2\/media\/540"}],"wp:attachment":[{"href":"https:\/\/shop.mariannelopez.com\/index.php\/wp-json\/wp\/v2\/media?parent=535"}],"wp:term":[{"taxonomy":"product_cat","embeddable":true,"href":"https:\/\/shop.mariannelopez.com\/index.php\/wp-json\/wp\/v2\/product_cat?post=535"},{"taxonomy":"product_tag","embeddable":true,"href":"https:\/\/shop.mariannelopez.com\/index.php\/wp-json\/wp\/v2\/product_tag?post=535"}],"curies":[{"name":"wp","href":"https:\/\/api.w.org\/{rel}","templated":true}]}}