{"id":546,"date":"2020-12-04T10:56:12","date_gmt":"2020-12-04T09:56:12","guid":{"rendered":"https:\/\/shop.mariannelopez.com\/?post_type=product&#038;p=546"},"modified":"2020-12-04T10:56:52","modified_gmt":"2020-12-04T09:56:52","slug":"pyramide-bleue-2-6","status":"publish","type":"product","link":"https:\/\/shop.mariannelopez.com\/index.php\/produit\/pyramide-bleue-2-6\/","title":{"rendered":"Pyramide Bleue 2\/6"},"content":{"rendered":"<p>S\u00e9rigraphie sur papier 125g<br \/>\nS\u00e9rie num\u00e9rot\u00e9e (6)<br \/>\n1 couleurs<br \/>\n32 x 45 cm<\/p>\n<p>Fait main<br \/>\nExemplaire unique<\/p>\n","protected":false},"excerpt":{"rendered":"<p>S\u00e9rigraphie sur papier 125g S\u00e9rie num\u00e9rot\u00e9e (6) 1 couleurs 32 x 45 cm Fait main Exemplaire unique<\/p>\n","protected":false},"featured_media":549,"template":"","meta":[],"product_cat":[42,20],"product_tag":[],"_links":{"self":[{"href":"https:\/\/shop.mariannelopez.com\/index.php\/wp-json\/wp\/v2\/product\/546"}],"collection":[{"href":"https:\/\/shop.mariannelopez.com\/index.php\/wp-json\/wp\/v2\/product"}],"about":[{"href":"https:\/\/shop.mariannelopez.com\/index.php\/wp-json\/wp\/v2\/types\/product"}],"wp:featuredmedia":[{"embeddable":true,"href":"https:\/\/shop.mariannelopez.com\/index.php\/wp-json\/wp\/v2\/media\/549"}],"wp:attachment":[{"href":"https:\/\/shop.mariannelopez.com\/index.php\/wp-json\/wp\/v2\/media?parent=546"}],"wp:term":[{"taxonomy":"product_cat","embeddable":true,"href":"https:\/\/shop.mariannelopez.com\/index.php\/wp-json\/wp\/v2\/product_cat?post=546"},{"taxonomy":"product_tag","embeddable":true,"href":"https:\/\/shop.mariannelopez.com\/index.php\/wp-json\/wp\/v2\/product_tag?post=546"}],"curies":[{"name":"wp","href":"https:\/\/api.w.org\/{rel}","templated":true}]}}