{"id":551,"date":"2020-12-04T16:00:19","date_gmt":"2020-12-04T15:00:19","guid":{"rendered":"https:\/\/shop.mariannelopez.com\/?post_type=product&#038;p=551"},"modified":"2020-12-04T16:01:08","modified_gmt":"2020-12-04T15:01:08","slug":"pyramide-6-6","status":"publish","type":"product","link":"https:\/\/shop.mariannelopez.com\/index.php\/produit\/pyramide-6-6\/","title":{"rendered":"Pyramide 6\/6"},"content":{"rendered":"<p>S\u00e9rigraphie sur papier 125g<br \/>\nS\u00e9rie num\u00e9rot\u00e9e (6)<br \/>\n2 couleurs<br \/>\n32 x 45 cm<\/p>\n<p>Fait main<br \/>\nExemplaire unique<\/p>\n","protected":false},"excerpt":{"rendered":"<p>S\u00e9rigraphie sur papier 125g S\u00e9rie num\u00e9rot\u00e9e (6) 2 couleurs 32 x 45 cm Fait main Exemplaire unique<\/p>\n","protected":false},"featured_media":553,"template":"","meta":[],"product_cat":[42,20],"product_tag":[],"_links":{"self":[{"href":"https:\/\/shop.mariannelopez.com\/index.php\/wp-json\/wp\/v2\/product\/551"}],"collection":[{"href":"https:\/\/shop.mariannelopez.com\/index.php\/wp-json\/wp\/v2\/product"}],"about":[{"href":"https:\/\/shop.mariannelopez.com\/index.php\/wp-json\/wp\/v2\/types\/product"}],"wp:featuredmedia":[{"embeddable":true,"href":"https:\/\/shop.mariannelopez.com\/index.php\/wp-json\/wp\/v2\/media\/553"}],"wp:attachment":[{"href":"https:\/\/shop.mariannelopez.com\/index.php\/wp-json\/wp\/v2\/media?parent=551"}],"wp:term":[{"taxonomy":"product_cat","embeddable":true,"href":"https:\/\/shop.mariannelopez.com\/index.php\/wp-json\/wp\/v2\/product_cat?post=551"},{"taxonomy":"product_tag","embeddable":true,"href":"https:\/\/shop.mariannelopez.com\/index.php\/wp-json\/wp\/v2\/product_tag?post=551"}],"curies":[{"name":"wp","href":"https:\/\/api.w.org\/{rel}","templated":true}]}}