{"id":574,"date":"2020-12-04T17:37:39","date_gmt":"2020-12-04T16:37:39","guid":{"rendered":"https:\/\/shop.mariannelopez.com\/?post_type=product&#038;p=574"},"modified":"2020-12-04T17:38:18","modified_gmt":"2020-12-04T16:38:18","slug":"la-comtesse-bleue-6-6","status":"publish","type":"product","link":"https:\/\/shop.mariannelopez.com\/index.php\/produit\/la-comtesse-bleue-6-6\/","title":{"rendered":"La Comtesse Bleue 6\/6"},"content":{"rendered":"<p>S\u00e9rigraphie sur papier 125g<br \/>\nS\u00e9rie num\u00e9rot\u00e9e (6)<br \/>\n1 couleur<br \/>\n30 x 40 cm<\/p>\n<p>Fait main<br \/>\nExemplaire unique<\/p>\n","protected":false},"excerpt":{"rendered":"<p>S\u00e9rigraphie sur papier 125g S\u00e9rie num\u00e9rot\u00e9e (6) 1 couleur 30 x 40 cm Fait main Exemplaire unique<\/p>\n","protected":false},"featured_media":577,"template":"","meta":[],"product_cat":[38,20],"product_tag":[],"_links":{"self":[{"href":"https:\/\/shop.mariannelopez.com\/index.php\/wp-json\/wp\/v2\/product\/574"}],"collection":[{"href":"https:\/\/shop.mariannelopez.com\/index.php\/wp-json\/wp\/v2\/product"}],"about":[{"href":"https:\/\/shop.mariannelopez.com\/index.php\/wp-json\/wp\/v2\/types\/product"}],"wp:featuredmedia":[{"embeddable":true,"href":"https:\/\/shop.mariannelopez.com\/index.php\/wp-json\/wp\/v2\/media\/577"}],"wp:attachment":[{"href":"https:\/\/shop.mariannelopez.com\/index.php\/wp-json\/wp\/v2\/media?parent=574"}],"wp:term":[{"taxonomy":"product_cat","embeddable":true,"href":"https:\/\/shop.mariannelopez.com\/index.php\/wp-json\/wp\/v2\/product_cat?post=574"},{"taxonomy":"product_tag","embeddable":true,"href":"https:\/\/shop.mariannelopez.com\/index.php\/wp-json\/wp\/v2\/product_tag?post=574"}],"curies":[{"name":"wp","href":"https:\/\/api.w.org\/{rel}","templated":true}]}}