{"id":579,"date":"2020-12-07T14:29:26","date_gmt":"2020-12-07T13:29:26","guid":{"rendered":"https:\/\/shop.mariannelopez.com\/?post_type=product&#038;p=579"},"modified":"2020-12-07T14:31:21","modified_gmt":"2020-12-07T13:31:21","slug":"pyramide-bleue-jaune-1-4","status":"publish","type":"product","link":"https:\/\/shop.mariannelopez.com\/index.php\/produit\/pyramide-bleue-jaune-1-4\/","title":{"rendered":"Pyramide Bleue-Jaune 1\/4"},"content":{"rendered":"<p>S\u00e9rigraphie sur papier<br \/>\nS\u00e9rie num\u00e9rot\u00e9e (4)<br \/>\n2 couleurs<br \/>\n30 x 40 cm<\/p>\n<p>Fait main<br \/>\nExemplaire unique<\/p>\n","protected":false},"excerpt":{"rendered":"<p>S\u00e9rigraphie sur papier S\u00e9rie num\u00e9rot\u00e9e (4) 2 couleurs 30 x 40 cm Fait main Exemplaire unique<\/p>\n","protected":false},"featured_media":582,"template":"","meta":[],"product_cat":[38,20],"product_tag":[],"_links":{"self":[{"href":"https:\/\/shop.mariannelopez.com\/index.php\/wp-json\/wp\/v2\/product\/579"}],"collection":[{"href":"https:\/\/shop.mariannelopez.com\/index.php\/wp-json\/wp\/v2\/product"}],"about":[{"href":"https:\/\/shop.mariannelopez.com\/index.php\/wp-json\/wp\/v2\/types\/product"}],"wp:featuredmedia":[{"embeddable":true,"href":"https:\/\/shop.mariannelopez.com\/index.php\/wp-json\/wp\/v2\/media\/582"}],"wp:attachment":[{"href":"https:\/\/shop.mariannelopez.com\/index.php\/wp-json\/wp\/v2\/media?parent=579"}],"wp:term":[{"taxonomy":"product_cat","embeddable":true,"href":"https:\/\/shop.mariannelopez.com\/index.php\/wp-json\/wp\/v2\/product_cat?post=579"},{"taxonomy":"product_tag","embeddable":true,"href":"https:\/\/shop.mariannelopez.com\/index.php\/wp-json\/wp\/v2\/product_tag?post=579"}],"curies":[{"name":"wp","href":"https:\/\/api.w.org\/{rel}","templated":true}]}}