{"id":77,"date":"2020-11-26T16:44:27","date_gmt":"2020-11-26T15:44:27","guid":{"rendered":"https:\/\/shop.mariannelopez.com\/?post_type=product&#038;p=77"},"modified":"2020-12-02T13:55:10","modified_gmt":"2020-12-02T12:55:10","slug":"banc-jaune-6-14","status":"publish","type":"product","link":"https:\/\/shop.mariannelopez.com\/index.php\/produit\/banc-jaune-6-14\/","title":{"rendered":"Banc Jaune 6\/14"},"content":{"rendered":"<p>S\u00e9rigraphie sur papier 120g<br \/>\nS\u00e9rie num\u00e9rot\u00e9e (14)<br \/>\n4 couleurs<br \/>\n30 x 40 cm<\/p>\n<p>Fait main<br \/>\nExemplaire unique<br \/>\nVendu avec une Marie-louise<\/p>\n","protected":false},"excerpt":{"rendered":"<p>S\u00e9rigraphie sur papier 120g S\u00e9rie num\u00e9rot\u00e9e (14) 4 couleurs 30 x 40 cm Fait main Exemplaire unique Vendu avec une Marie-louise<\/p>\n","protected":false},"featured_media":283,"template":"","meta":[],"product_cat":[25,20],"product_tag":[22],"_links":{"self":[{"href":"https:\/\/shop.mariannelopez.com\/index.php\/wp-json\/wp\/v2\/product\/77"}],"collection":[{"href":"https:\/\/shop.mariannelopez.com\/index.php\/wp-json\/wp\/v2\/product"}],"about":[{"href":"https:\/\/shop.mariannelopez.com\/index.php\/wp-json\/wp\/v2\/types\/product"}],"wp:featuredmedia":[{"embeddable":true,"href":"https:\/\/shop.mariannelopez.com\/index.php\/wp-json\/wp\/v2\/media\/283"}],"wp:attachment":[{"href":"https:\/\/shop.mariannelopez.com\/index.php\/wp-json\/wp\/v2\/media?parent=77"}],"wp:term":[{"taxonomy":"product_cat","embeddable":true,"href":"https:\/\/shop.mariannelopez.com\/index.php\/wp-json\/wp\/v2\/product_cat?post=77"},{"taxonomy":"product_tag","embeddable":true,"href":"https:\/\/shop.mariannelopez.com\/index.php\/wp-json\/wp\/v2\/product_tag?post=77"}],"curies":[{"name":"wp","href":"https:\/\/api.w.org\/{rel}","templated":true}]}}